{"id":4078,"date":"2021-02-22T10:29:44","date_gmt":"2021-02-22T09:29:44","guid":{"rendered":"https:\/\/www.terra-vinea.com\/coupons-de-reduction-et-partenariats\/"},"modified":"2026-04-09T11:33:33","modified_gmt":"2026-04-09T09:33:33","slug":"coupons-de-reduction-et-partenariats","status":"publish","type":"page","link":"https:\/\/www.terra-vinea.com\/es\/coupons-de-reduction-et-partenariats\/","title":{"rendered":"Coupons de r\u00e9duction et partenariats"},"content":{"rendered":"<div class=\"fusion-fullwidth fullwidth-box fusion-builder-row-1 fusion-flex-container nonhundred-percent-fullwidth non-hundred-percent-height-scrolling\" style=\"--awb-border-radius-top-left:0px;--awb-border-radius-top-right:0px;--awb-border-radius-bottom-right:0px;--awb-border-radius-bottom-left:0px;--awb-flex-wrap:wrap;\" ><div class=\"fusion-builder-row fusion-row fusion-flex-align-items-flex-start fusion-flex-content-wrap\" style=\"max-width:1456px;margin-left: calc(-4% \/ 2 );margin-right: calc(-4% \/ 2 );\"><div class=\"fusion-layout-column fusion_builder_column fusion-builder-column-0 fusion_builder_column_1_1 1_1 fusion-flex-column\" style=\"--awb-bg-size:cover;--awb-width-large:100%;--awb-margin-top-large:0px;--awb-spacing-right-large:1.92%;--awb-margin-bottom-large:0px;--awb-spacing-left-large:1.92%;--awb-width-medium:100%;--awb-spacing-right-medium:1.92%;--awb-spacing-left-medium:1.92%;--awb-width-small:100%;--awb-spacing-right-small:1.92%;--awb-spacing-left-small:1.92%;\"><div class=\"fusion-column-wrapper fusion-flex-justify-content-flex-start fusion-content-layout-column\"><div class=\"fusion-text fusion-text-1\"><p>Pour b\u00e9n\u00e9ficier des tarifs pr\u00e9f\u00e9rentiels via la r\u00e9servation en ligne, vous devez vous assurer de disposer de l&#8217;une des offres de r\u00e9ductions ci-dessous, en cours de validit\u00e9. Le jour de votre visite, un justificatif vous sera demand\u00e9 afin de valider votre r\u00e9servation et l&#8217;application du tarif pr\u00e9f\u00e9rentiel . Si aucun justificatif n&#8217;est pr\u00e9sent\u00e9, un compl\u00e9ment vous sera demand\u00e9 pour acc\u00e9der au site.<\/p>\n<div data-canvas-width=\"271.23066666666676\">\n<p><strong><u>Partenariats Comit\u00e9s d\u2019Entreprises<\/u><\/strong><\/p>\n<ul>\n<li data-canvas-width=\"147.312\"><strong>Carte CEZAM<\/strong> (sur pr\u00e9sentation de la carte \u2013 valable pour le porteur et ses accompagnants<\/li>\n<li data-canvas-width=\"147.312\"><strong>Carte COS AZUREVA 11<\/strong> (sur pr\u00e9sentation de la carte \u2013 valable pour le porteur et ses accompagnants)<\/li>\n<li data-canvas-width=\"147.312\"><strong>Carte COS Narbonne<\/strong> (sur pr\u00e9sentation de la carte \u2013 valable pour le porteur et ses accompagnants)<\/li>\n<li data-canvas-width=\"147.312\"><strong>Carte COS Carcassonne<\/strong> (sur pr\u00e9sentation de la carte \u2013 valable pour le porteur et ses accompagnants)<\/li>\n<li data-canvas-width=\"147.312\"><strong>Domitia Habitat<\/strong> (sur pr\u00e9sentation de la carte \u2013 valable pour le porteur et ses accompagnants)<\/li>\n<li data-canvas-width=\"147.312\"><strong>Carte CSE Biomedilab<\/strong> (sur pr\u00e9sentation de la carte d\u2019adh\u00e9rent \u2013 valable pour le porteur et ses accompagnants)<\/li>\n<li data-canvas-width=\"147.312\"><strong>Carte CSE CAF de l\u2019Aude<\/strong> (sur pr\u00e9sentation de la carte d\u2019adh\u00e9rent \u2013 valable pour le porteur et ses accompagnants)<\/li>\n<li data-canvas-width=\"147.312\"><strong>Carte CSE Amicale des Hospitaliers Castres-Mazamet<\/strong> (sur pr\u00e9sentation de la carte d\u2019adh\u00e9rent \u2013 valable pour le porteur et ses accompagnants)<\/li>\n<li data-canvas-width=\"147.312\"><strong>Carte CSE VIA SANTE<\/strong> (sur pr\u00e9sentation de la carte d\u2019adh\u00e9rent \u2013 valable pour le porteur et ses accompagnants)<\/li>\n<li data-canvas-width=\"147.312\"><strong>Carte CSE Arterris<\/strong> (sur pr\u00e9sentation de la carte d\u2019adh\u00e9rent \u2013 valable pour le porteur et ses accompagnants)<\/li>\n<\/ul>\n<div><strong><u>Partenariats R\u00e9seaux Touristiques<\/u><\/strong><\/div>\n<ul>\n<li>\n<div class=\"default-style\"><strong>Les Incontournables en Occitanie<\/strong> (sur pr\u00e9sentation de la carte \u2013 valable pour le porteur et ses accompagnants)<\/div>\n<\/li>\n<li>\n<div class=\"default-style\"><strong>Visite Passion<\/strong> (sur pr\u00e9sentation du coupon de r\u00e9duction \u2013 valable pour le porteur et ses accompagnants)<\/div>\n<\/li>\n<li>\n<div class=\"default-style\"><strong>Avantages Vacances<\/strong> (sur pr\u00e9sentation du coupon de r\u00e9duction \u2013 valable pour le porteur et ses accompagnants)<\/div>\n<\/li>\n<li>\n<div class=\"default-style\"><strong>Guide Loisirs &amp; D\u00e9couvertes<\/strong> (sur pr\u00e9sentation du coupon de r\u00e9duction \u2013 valable pour le porteur et ses accompagnants)<\/div>\n<\/li>\n<li>\n<div class=\"default-style\"><strong>Guide Escapades en Narbonnaise<\/strong> (sur pr\u00e9sentation du coupon de r\u00e9duction \u2013 valable pour le porteur et ses accompagnants)<\/div>\n<\/li>\n<\/ul>\n<div><strong><u>Partenariats Offices du Tourisme<\/u><\/strong><\/div>\n<ul>\n<li><strong>Carca Pass<\/strong> (uniquement valable pour le porteur de la carte et sur pr\u00e9sentation de celle-ci)<\/li>\n<li><strong>Carte Ambassadeur C\u00f4te du Midi<\/strong> (entr\u00e9e gratuite pour l\u2019ambassadeur s\u2019il vient avec 3 accompagnants payants \u2013 uniquement sur pr\u00e9sentation de la carte)<\/li>\n<li><strong>Pass Avantages Saisonniers<\/strong> (sur pr\u00e9sentation de l\u2019attestation saisonnier et d\u2019une pi\u00e8ce d\u2019identit\u00e9)<\/li>\n<\/ul>\n<p><strong><u>Partenariats Autres<\/u><\/strong><\/p>\n<ul>\n<li><strong>ActiCity<\/strong>\u00a0(uniquement valable pour le porteur de la carte et sur pr\u00e9sentation de celle-ci)<\/li>\n<li><strong>La R\u00e9serve Africaine de Sigean<\/strong>\u00a0(sur pr\u00e9sentation des e-billets de la R\u00e9serve ou du plan du parc \u2013 valable sur l\u2019ann\u00e9e civile)<\/li>\n<li><strong>Carte partenaire Terra Vinea<\/strong>\u00a0(sur pr\u00e9sentation de la carte tamponn\u00e9e par la structure qui vous la donne &#8211; valable pour un m\u00eame paiement)<\/li>\n<\/ul>\n<\/div>\n<\/div><\/div><\/div><\/div><\/div>\n<span class=\"et_bloom_bottom_trigger\"><\/span>","protected":false},"excerpt":{"rendered":"","protected":false},"author":6,"featured_media":0,"parent":0,"menu_order":0,"comment_status":"closed","ping_status":"closed","template":"","meta":{"_acf_changed":false,"inline_featured_image":false,"footnotes":""},"class_list":["post-4078","page","type-page","status-publish","hentry"],"acf":[],"yoast_head":"<!-- This site is optimized with the Yoast SEO plugin v26.8 - https:\/\/yoast.com\/product\/yoast-seo-wordpress\/ -->\n<title>Coupons de r\u00e9duction et partenariats - Terra Vinea<\/title>\n<meta name=\"robots\" content=\"index, follow, max-snippet:-1, max-image-preview:large, max-video-preview:-1\" \/>\n<link rel=\"canonical\" href=\"https:\/\/www.terra-vinea.com\/es\/coupons-de-reduction-et-partenariats\/\" \/>\n<meta property=\"og:locale\" content=\"es_ES\" \/>\n<meta property=\"og:type\" content=\"article\" \/>\n<meta property=\"og:title\" content=\"Coupons de r\u00e9duction et partenariats - Terra Vinea\" \/>\n<meta property=\"og:url\" content=\"https:\/\/www.terra-vinea.com\/es\/coupons-de-reduction-et-partenariats\/\" \/>\n<meta property=\"og:site_name\" content=\"Terra Vinea\" \/>\n<meta property=\"article:modified_time\" content=\"2026-04-09T09:33:33+00:00\" \/>\n<meta name=\"twitter:card\" content=\"summary_large_image\" \/>\n<meta name=\"twitter:label1\" content=\"Tiempo de lectura\" \/>\n\t<meta name=\"twitter:data1\" content=\"2 minutos\" \/>\n<script type=\"application\/ld+json\" class=\"yoast-schema-graph\">{\"@context\":\"https:\/\/schema.org\",\"@graph\":[{\"@type\":\"WebPage\",\"@id\":\"https:\/\/www.terra-vinea.com\/es\/coupons-de-reduction-et-partenariats\/\",\"url\":\"https:\/\/www.terra-vinea.com\/es\/coupons-de-reduction-et-partenariats\/\",\"name\":\"Coupons de r\u00e9duction et partenariats - Terra Vinea\",\"isPartOf\":{\"@id\":\"https:\/\/www.terra-vinea.com\/es\/#website\"},\"datePublished\":\"2021-02-22T09:29:44+00:00\",\"dateModified\":\"2026-04-09T09:33:33+00:00\",\"breadcrumb\":{\"@id\":\"https:\/\/www.terra-vinea.com\/es\/coupons-de-reduction-et-partenariats\/#breadcrumb\"},\"inLanguage\":\"es\",\"potentialAction\":[{\"@type\":\"ReadAction\",\"target\":[\"https:\/\/www.terra-vinea.com\/es\/coupons-de-reduction-et-partenariats\/\"]}]},{\"@type\":\"BreadcrumbList\",\"@id\":\"https:\/\/www.terra-vinea.com\/es\/coupons-de-reduction-et-partenariats\/#breadcrumb\",\"itemListElement\":[{\"@type\":\"ListItem\",\"position\":1,\"name\":\"Accueil\",\"item\":\"https:\/\/www.terra-vinea.com\/es\/\"},{\"@type\":\"ListItem\",\"position\":2,\"name\":\"Coupons de r\u00e9duction et partenariats\"}]},{\"@type\":\"WebSite\",\"@id\":\"https:\/\/www.terra-vinea.com\/es\/#website\",\"url\":\"https:\/\/www.terra-vinea.com\/es\/\",\"name\":\"Terra Vinea\",\"description\":\"Entrez dans l&#039;Histoire\",\"potentialAction\":[{\"@type\":\"SearchAction\",\"target\":{\"@type\":\"EntryPoint\",\"urlTemplate\":\"https:\/\/www.terra-vinea.com\/es\/?s={search_term_string}\"},\"query-input\":{\"@type\":\"PropertyValueSpecification\",\"valueRequired\":true,\"valueName\":\"search_term_string\"}}],\"inLanguage\":\"es\"}]}<\/script>\n<!-- \/ Yoast SEO plugin. -->","yoast_head_json":{"title":"Coupons de r\u00e9duction et partenariats - Terra Vinea","robots":{"index":"index","follow":"follow","max-snippet":"max-snippet:-1","max-image-preview":"max-image-preview:large","max-video-preview":"max-video-preview:-1"},"canonical":"https:\/\/www.terra-vinea.com\/es\/coupons-de-reduction-et-partenariats\/","og_locale":"es_ES","og_type":"article","og_title":"Coupons de r\u00e9duction et partenariats - Terra Vinea","og_url":"https:\/\/www.terra-vinea.com\/es\/coupons-de-reduction-et-partenariats\/","og_site_name":"Terra Vinea","article_modified_time":"2026-04-09T09:33:33+00:00","twitter_card":"summary_large_image","twitter_misc":{"Tiempo de lectura":"2 minutos"},"schema":{"@context":"https:\/\/schema.org","@graph":[{"@type":"WebPage","@id":"https:\/\/www.terra-vinea.com\/es\/coupons-de-reduction-et-partenariats\/","url":"https:\/\/www.terra-vinea.com\/es\/coupons-de-reduction-et-partenariats\/","name":"Coupons de r\u00e9duction et partenariats - Terra Vinea","isPartOf":{"@id":"https:\/\/www.terra-vinea.com\/es\/#website"},"datePublished":"2021-02-22T09:29:44+00:00","dateModified":"2026-04-09T09:33:33+00:00","breadcrumb":{"@id":"https:\/\/www.terra-vinea.com\/es\/coupons-de-reduction-et-partenariats\/#breadcrumb"},"inLanguage":"es","potentialAction":[{"@type":"ReadAction","target":["https:\/\/www.terra-vinea.com\/es\/coupons-de-reduction-et-partenariats\/"]}]},{"@type":"BreadcrumbList","@id":"https:\/\/www.terra-vinea.com\/es\/coupons-de-reduction-et-partenariats\/#breadcrumb","itemListElement":[{"@type":"ListItem","position":1,"name":"Accueil","item":"https:\/\/www.terra-vinea.com\/es\/"},{"@type":"ListItem","position":2,"name":"Coupons de r\u00e9duction et partenariats"}]},{"@type":"WebSite","@id":"https:\/\/www.terra-vinea.com\/es\/#website","url":"https:\/\/www.terra-vinea.com\/es\/","name":"Terra Vinea","description":"Entrez dans l&#039;Histoire","potentialAction":[{"@type":"SearchAction","target":{"@type":"EntryPoint","urlTemplate":"https:\/\/www.terra-vinea.com\/es\/?s={search_term_string}"},"query-input":{"@type":"PropertyValueSpecification","valueRequired":true,"valueName":"search_term_string"}}],"inLanguage":"es"}]}},"_links":{"self":[{"href":"https:\/\/www.terra-vinea.com\/es\/wp-json\/wp\/v2\/pages\/4078","targetHints":{"allow":["GET"]}}],"collection":[{"href":"https:\/\/www.terra-vinea.com\/es\/wp-json\/wp\/v2\/pages"}],"about":[{"href":"https:\/\/www.terra-vinea.com\/es\/wp-json\/wp\/v2\/types\/page"}],"author":[{"embeddable":true,"href":"https:\/\/www.terra-vinea.com\/es\/wp-json\/wp\/v2\/users\/6"}],"replies":[{"embeddable":true,"href":"https:\/\/www.terra-vinea.com\/es\/wp-json\/wp\/v2\/comments?post=4078"}],"version-history":[{"count":15,"href":"https:\/\/www.terra-vinea.com\/es\/wp-json\/wp\/v2\/pages\/4078\/revisions"}],"predecessor-version":[{"id":9608,"href":"https:\/\/www.terra-vinea.com\/es\/wp-json\/wp\/v2\/pages\/4078\/revisions\/9608"}],"wp:attachment":[{"href":"https:\/\/www.terra-vinea.com\/es\/wp-json\/wp\/v2\/media?parent=4078"}],"curies":[{"name":"wp","href":"https:\/\/api.w.org\/{rel}","templated":true}]}}