{"id":1879,"date":"2020-04-24T15:30:12","date_gmt":"2020-04-24T13:30:12","guid":{"rendered":"https:\/\/www.terra-vinea.com\/conditions-generales-de-vente\/"},"modified":"2025-04-15T11:13:03","modified_gmt":"2025-04-15T09:13:03","slug":"condiciones-de-venta","status":"publish","type":"page","link":"https:\/\/www.terra-vinea.com\/es\/condiciones-de-venta\/","title":{"rendered":"Condiciones de Venta"},"content":{"rendered":"<div class=\"fusion-fullwidth fullwidth-box fusion-builder-row-1 fusion-flex-container nonhundred-percent-fullwidth non-hundred-percent-height-scrolling\" style=\"--awb-border-radius-top-left:0px;--awb-border-radius-top-right:0px;--awb-border-radius-bottom-right:0px;--awb-border-radius-bottom-left:0px;--awb-flex-wrap:wrap;\" ><div class=\"fusion-builder-row fusion-row fusion-flex-align-items-flex-start fusion-flex-content-wrap\" style=\"max-width:1456px;margin-left: calc(-4% \/ 2 );margin-right: calc(-4% \/ 2 );\"><div class=\"fusion-layout-column fusion_builder_column fusion-builder-column-0 fusion_builder_column_1_1 1_1 fusion-flex-column\" style=\"--awb-bg-size:cover;--awb-width-large:100%;--awb-margin-top-large:0px;--awb-spacing-right-large:1.92%;--awb-margin-bottom-large:0px;--awb-spacing-left-large:1.92%;--awb-width-medium:100%;--awb-spacing-right-medium:1.92%;--awb-spacing-left-medium:1.92%;--awb-width-small:100%;--awb-spacing-right-small:1.92%;--awb-spacing-left-small:1.92%;\"><div class=\"fusion-column-wrapper fusion-flex-justify-content-flex-start fusion-content-layout-column\"><div class=\"fusion-text fusion-text-1\"><section>\n<div class=\"row row-inner\">\n<div class=\"col-md-12\">\n<h2>Pr\u00e9ambule<\/h2>\n<p style=\"text-align: left;\" align=\"center\">L\u2019utilisation du site www.terra-vinea.com implique l\u2019acceptation pleine et enti\u00e8re des conditions g\u00e9n\u00e9rales d\u2019utilisation ci-apr\u00e8s d\u00e9crites. Ces conditions d\u2019utilisation sont susceptibles d\u2019\u00eatre modifi\u00e9es ou compl\u00e9t\u00e9es \u00e0 tout moment, sans pr\u00e9avis. Les utilisateurs du site www.terra-vinea.com sont donc invit\u00e9s \u00e0 les consulter de mani\u00e8re r\u00e9guli\u00e8re.<\/p>\n<p style=\"text-align: left;\" align=\"center\">Le site www.terra-vinea.com a pour objet de fournir une information concernant l\u2019ensemble des activit\u00e9s de la soci\u00e9t\u00e9, et propose \u00e9galement de la billetterie en ligne.<\/p>\n<p>SETSN s\u2019efforce de fournir sur le site www.terra-vinea.com des informations aussi pr\u00e9cises que possible. Toutefois, il ne pourra \u00eatre tenu responsable des omissions, des inexactitudes et des carences dans la mise \u00e0 jour, qu\u2019elles soient de son fait ou du fait des tiers partenaires qui lui fournissent ces informations.<\/p>\n<p>Tous les informations indiqu\u00e9es sur le site www.terra-vinea.com sont donn\u00e9es \u00e0 titre indicatif, et sont susceptibles d\u2019\u00e9voluer. Par ailleurs, les renseignements figurant sur le site www.terra-vinea.com ne sont pas exhaustifs. Ils sont donn\u00e9s sous r\u00e9serve de modifications ayant \u00e9t\u00e9 apport\u00e9es depuis leur mise en ligne.<\/p>\n<h2>Article 1 &#8211; Application des Conditions G\u00e9n\u00e9rales de Ventes<\/h2>\n<p>Les pr\u00e9sentes conditions g\u00e9n\u00e9rales de vente s\u2019appliquent aux ventes de billets r\u00e9alis\u00e9s sur le site internet www.terra-vinea.com<br \/>\nCes conditions s&#8217;appliquent \u00e0 l&#8217;exclusion de toutes autres conditions, notamment celles en vigueur pour les ventes \u00e0 Terra Vinea.<br \/>\nwww.cevennes-resa.com n&#8217;agit qu&#8217;en tant qu&#8217;interm\u00e9diaire de son partenaire fournisseur. En cons\u00e9quence, les pr\u00e9sentes conditions g\u00e9n\u00e9rales de vente ne concernent que les prestations de vente de billets et pas l&#8217;\u00e9v\u00e9nement lui-m\u00eame.<\/p>\n<p>Tout document autre que les pr\u00e9sentes conditions g\u00e9n\u00e9rales de vente et notamment catalogues, prospectus, publicit\u00e9s, n\u2019a qu\u2019une valeur informative et indicative, non contractuelle.<\/p>\n<p>Les billets vendus sur le site www.terra-vinea.com sont r\u00e9serv\u00e9s aux particuliers.<\/p>\n<p>Le site interne www.terra-vinea.com propose au CLIENT la vente de :<\/p>\n<ul>\n<li>Ticket d&#8217;entr\u00e9e pour la visite de Terra Vinea<\/li>\n<\/ul>\n<p>Toute passation de commande sur le site www.terra-vinea.com suppose la prise de connaissance des pr\u00e9sentes conditions g\u00e9n\u00e9rales de ventes ainsi que l\u2019accord du CLIENT sur l\u2019int\u00e9gralit\u00e9 de leur contenant.<\/p>\n<p>SETSN &#8211; Terra Vinea se r\u00e9serve la possibilit\u00e9 d\u2019adapter ou de modifier les pr\u00e9sentes conditions g\u00e9n\u00e9rales de vente \u00e0 tout moment. En ce cas, seules les conditions g\u00e9n\u00e9rales de vente en vigueur lors de la prise de commande seront alors applicables. SETSN &#8211; Terra Vinea conseille au CLIENT de sauvegarder et\/ou imprimer les pr\u00e9sentes conditions g\u00e9n\u00e9rales de vente pour une conservation s\u00fbre et durable, et pouvoir ainsi les invoquer \u00e0 tout moment pendant l\u2019ex\u00e9cution du contrat si besoin. Dans l\u2019int\u00e9gralit\u00e9 des pr\u00e9sentes, le CLIENT sera entendu comme celui avec lequel s\u2019\u00e9tablit la relation d\u2019achat-vente et lequel sera factur\u00e9 au titre de la commande.<\/p>\n<\/div>\n<\/div>\n<\/section>\n<section>\n<div class=\"row row-inner\">\n<div class=\"col-md-12\">\n<h2>Article 2 &#8211; Prix<\/h2>\n<p>Tous les prix des produits et services propos\u00e9s \u00e0 la vente sur le site www.terra-vinea.com et les brochures de l\u2019ann\u00e9e sont exprim\u00e9s en euros toutes taxes comprises.<\/p>\n<p>SETSN &#8211; Terra Vinea se r\u00e9serve la facult\u00e9 de modifier ses prix \u00e0 tout moment mais s\u2019engage \u00e0 appliquer les tarifs en vigueur lors de l\u2019enregistrement de la commande sous r\u00e9serve de la disponibilit\u00e9 des produits \u00e0 cette date. Les prix figurant sur le site internet et sur les brochures de l\u2019ann\u00e9e en cours sont applicables jusqu\u2019\u00e0 la date de fermeture pour cong\u00e9s de Terra Vinea.<\/p>\n<p>Toute commande implique pour le visiteur, de se conformer, une fois sur site, au r\u00e8glement int\u00e9rieur.<\/p>\n<\/div>\n<\/div>\n<\/section>\n<section>\n<div class=\"row row-inner\">\n<div class=\"col-md-12\">\n<h2>Article 3 \u2013 Commande et validation<\/h2>\n<p>Vous d\u00e9clarez avoir pris connaissance et accept\u00e9 les pr\u00e9sentes conditions g\u00e9n\u00e9rales de vente avant la passation de votre commande.<\/p>\n<p>Les commandes sont effectu\u00e9es sur le site internet www.terra-vinea.com<\/p>\n<p>Les informations contractuelles sont pr\u00e9sent\u00e9es en langue fran\u00e7aise.<\/p>\n<p>Pour passer commande, le CLIENT suit les diff\u00e9rentes \u00e9tapes de commande d\u00e9filant sur le site, \u00e0 savoir :<\/p>\n<ul>\n<li>Cliquez sur l\u2019onglet \u00ab Tarifs\/Billetterie \u00bb ou sur l\u2019onglet \u00ab R\u00e9servez vos billets \u00bb<\/li>\n<li>S\u00e9lectionnez la date, l&#8217;heure, le type et le nombre de tickets souhait\u00e9s dans la colonne \u00ab nombre \u00bb,<\/li>\n<li>Cliquez sur l\u2019onglet \u00ab ajouter au panier \u00bb.<\/li>\n<li>Indiquez votre pr\u00e9nom, votre nom, votre adresse postale, votre num\u00e9ro de t\u00e9l\u00e9phone ainsi que votre adresse de messagerie.<\/li>\n<li>Cliquez sur l\u2019onglet \u00ab continuer \u00bb pour obtenir le r\u00e9capitulatif de commande<\/li>\n<li>Cliquez sur l&#8217;onglet \u00ab confirmer ma r\u00e9servation \u00bb<\/li>\n<\/ul>\n<p>Modalit\u00e9s de paiement :<\/p>\n<ul>\n<li><strong>paiement par carte bancaire sur notre serveur s\u00e9curis\u00e9 de notre banque :<\/strong><\/li>\n<\/ul>\n<p>Le CLIENT doit inscrire son num\u00e9ro de carte bancaire \u00e0 16 chiffres, la date d\u2019expiration de sa carte bancaire et le code de v\u00e9rification au dos de sa carte. Il doit cliquer sur valider pour r\u00e9gler la prestation.<\/p>\n<ul>\n<li><strong>paiement par Ch\u00e8que-Vacances Connect :<\/strong><\/li>\n<\/ul>\n<p>Le CLIENT doit s\u00e9lectionner le Ch\u00e8que-Vacances Connect comme mode de paiement avant de saisir ses identifiants. Il re\u00e7oit une notification sur son smartphone afin de valider la transaction.<\/p>\n<p>Finalisation de la commande : le CLIENT re\u00e7oit par mail un accus\u00e9 r\u00e9ception de paiement avec les r\u00e9f\u00e9rences et le montant de la transaction. Le CLIENT re\u00e7oit aussi par mail son e-billet qu\u2019il doit conserver jusqu\u2019\u00e0 sa visite de Terra Vinea. Il devra pr\u00e9senter cette commande au guide lors de sa visite, sur papier ou sur son smartphone.<\/p>\n<p>Le \u00ab double clic \u00bb et la case \u00e0 cocher sur la prise de connaissance et d\u2019acceptation des conditions g\u00e9n\u00e9rales de vente, validant la commande vaut \u00ab signature \u00e9lectronique \u00bb et \u00e9quivaut \u00e0 une signature manuscrite. Ils constituent une acceptation irr\u00e9vocable et sans r\u00e9serve de la commande par le CLIENT.<\/p>\n<p>Sauf preuve contraire, les donn\u00e9es enregistr\u00e9es par Terra Vinea sur Internet constituent la preuve de l\u2019ensemble des transactions pass\u00e9es entre la soci\u00e9t\u00e9 et ses clients. Les informations communiqu\u00e9es par le CLIENT lors de la passation de la commande engagent celui-ci.<\/p>\n<p>En application de l\u2019article 1127-2 du Code civil, le CLIENT pourra pr\u00e9visualiser sa commande, sous la forme d\u2019un r\u00e9capitulatif affichant le prix total et pourra modifier son panier avant la confirmation d\u00e9finitive de la commande.<\/p>\n<p>Le jour de la visite, lors du passage en caisse, une pi\u00e8ce d\u2019identit\u00e9 en cours de validit\u00e9 (passeport, carte d\u2019identit\u00e9, permis de conduire, carte de s\u00e9jour) pourra \u00eatre demand\u00e9e pour identifier l\u2019acheteur des e-tickets et v\u00e9rifier l\u2019\u00e9ligibilit\u00e9 des titulaires d\u2019e-billet aux diff\u00e9rents tarifs.<\/p>\n<p>SETSN &#8211; Terra Vinea d\u00e9cline toute responsabilit\u00e9 pour les anomalies pouvant survenir en cours de commande, de traitement ou de t\u00e9l\u00e9chargement de commande de billets internet t\u00e9l\u00e9chargeables par les soins du CLIENT.<\/p>\n<p>Le CLIENT d\u00e9clare avoir la pleine capacit\u00e9 juridique lui permettant de s\u2019engager au titre des pr\u00e9sentes conditions g\u00e9n\u00e9rales de vente.<\/p>\n<\/div>\n<\/div>\n<\/section>\n<section>\n<div class=\"row row-inner\">\n<div class=\"col-md-12\">\n<h2>Article 4 \u2013 Donn\u00e9es personnelles collect\u00e9es<\/h2>\n<p>Conform\u00e9ment \u00e0 la loi n\u00b0 78-17 du 6 janvier 1978 modifi\u00e9e, relative aux fichiers et aux libert\u00e9s, vous disposez \u00e0 tout moment d\u2019un droit d\u2019acc\u00e8s, de rectification ou d\u2019opposition que vous pouvez exercer \u00e0 tout moment aupr\u00e8s de Terra Vinea.<\/p>\n<\/div>\n<\/div>\n<\/section>\n<section>\n<div class=\"row row-inner\">\n<div class=\"col-md-12\">\n<h2>Article 5 \u2013 Disponibilit\u00e9<\/h2>\n<p>Les offres de produits et de prix sont valables tant qu\u2019elles sont visibles sur le site, dans la limite des places disponibles.<\/p>\n<p>La commande d\u2019un ticket pour la visite de Terra Vinea n\u2019est valable que pour la date s\u00e9lectionn\u00e9e par le CLIENT. Il ne sera ni repris, ni \u00e9chang\u00e9, ni rembours\u00e9.<\/p>\n<\/div>\n<\/div>\n<\/section>\n<section>\n<div class=\"row row-inner\">\n<div class=\"col-md-12\">\n<h2>Article 6 &#8211; Paiement<\/h2>\n<p>Au comptant au jour de la commande. Le paiement s\u2019effectue par carte bancaire.<\/p>\n<p>La commande ne sera consid\u00e9r\u00e9e comme accept\u00e9e par le vendeur que lorsque les centres de paiement bancaire concern\u00e9s, auront donn\u00e9 leur accord et que le vendeur aura valid\u00e9 la commande au regard de ses crit\u00e8res d\u2019acceptation de risques.<\/p>\n<p>En cas d\u2019acceptation du dossier par le centre de paiement et par le vendeur, le CLIENT en sera inform\u00e9 par l\u2019envoi de la confirmation de la commande par courrier \u00e9lectronique.<\/p>\n<p>En cas de refus du dossier, la commande sera automatiquement refus\u00e9e et le CLIENT en sera \u00e9galement inform\u00e9 par courrier \u00e9lectronique.<\/p>\n<p>Le paiement par carte bancaire permet au CLIENT d\u2019acheter les billets en ligne imm\u00e9diatement de mani\u00e8re ferme et d\u00e9finitive, \u00e9tant pr\u00e9cis\u00e9 qu\u2019un seul mode de paiement n\u2019est autoris\u00e9 par commande. Les cartes bancaires accept\u00e9es sont celles des r\u00e9seaux Visa et Mastercard en cours de validit\u00e9.<\/p>\n<\/div>\n<\/div>\n<\/section>\n<section>\n<div class=\"row row-inner\">\n<div class=\"col-md-12\">\n<h2>Article 7 \u2013 Annulation &#8211; Remboursement<\/h2>\n<p>Absence de droit de r\u00e9tractation : en application de l\u2019article L121-21-8 du Code de la consommation, les prestations propos\u00e9es par Terra Vinea, en tant que prestations de loisirs, ne sont pas soumises \u00e0 l\u2019application du droit de r\u00e9tractation pr\u00e9vu aux articles L121-21 et suivants du m\u00eame Code, en mati\u00e8re de vente \u00e0 distance.<\/p>\n<p>Un e-ticket ne peut \u00eatre rembours\u00e9 m\u00eame en cas de perte ou de vol, ni repris, ni \u00e9chang\u00e9.<\/p>\n<p>SETSN &#8211; Terra Vinea se r\u00e9serve la possibilit\u00e9 de modifier les heures de visite guid\u00e9e ou fermer le site \u00e0 tout moment, notamment dans le souci de pr\u00e9server la s\u00e9curit\u00e9 des visiteurs et\/ou des employ\u00e9s. En cas de fermeture administrative pour \u00e9pid\u00e9mie de Covid-19, conform\u00e9ment \u00e0 l&#8217;ordonnance du 25 mars 2020 relative aux avoirs, sur demande \u00e9crite, le client pourra demander \u00e0 b\u00e9n\u00e9ficier d&#8217;un avoir correspondant l&#8217;int\u00e9gralit\u00e9 des paiements effectu\u00e9s au pr\u00e9alable. Celui-ci aura une validit\u00e9 de 18 mois.<\/p>\n<p>En cas d\u2019annulation ou de report des prestations, le CLIENT consent \u00e0 \u00eatre contact\u00e9 par SETSN &#8211; Terra Vinea aux coordonn\u00e9es saisies lors de la commande pour trouver une autre date de visite. Dans tous les cas, le CLIENT ne pourra pr\u00e9tendre \u00e0 aucune indemnit\u00e9.<\/p>\n<p>Le prestataire de billetterie en ligne de SETSN &#8211; Terra Vinea met \u00e0 disposition du public, lors de la r\u00e9servation en ligne, un lien vers une adh\u00e9sion facultative \u00e0 une assurance annulation dont les conditions tarifaires et d\u2019ex\u00e9cution sont pr\u00e9sent\u00e9es par la compagnie d\u2019assurance. L\u2019assureur est enti\u00e8rement et exclusivement responsable de l\u2019ex\u00e9cution de ses obligations, SETSN &#8211; Terra Vinea excluant ainsi toute responsabilit\u00e9 (contractuelle, d\u00e9lictuelle ou autre) li\u00e9e \u00e0 ce service. Pour toute r\u00e9clamation, le CLIENT pourra contacter le service d\u2019assurance \u00e0 l\u2019adresse mail suivante reclamation@meetch.io ou par courrier \u00e0 l\u2019adresse suivante MIMAT \u2013 Service R\u00e9clamations \u2013 15 rue des halles \u2013 75001 PARIS.<\/p>\n<p>Le client dispose de la facult\u00e9 de recourir s\u00e9par\u00e9ment \u00e0 ce service d\u2019assurance aupr\u00e8s d\u2019un tiers de son choix le cas \u00e9ch\u00e9ant.<\/p>\n<\/div>\n<\/div>\n<\/section>\n<section>\n<div class=\"row row-inner\">\n<div class=\"col-md-12\">\n<h2>Article 8 \u2013 S\u00e9curisation<\/h2>\n<p>Le site de Terra Vinea fait l&#8217;objet d&#8217;un syst\u00e8me de s\u00e9curisation. Terra Vinea a adopt\u00e9 la solution de paiement s\u00e9curis\u00e9, qui recourt a un proc\u00e9d\u00e9 de cryptage. Les coordonn\u00e9es bancaires du client sont ainsi prot\u00e9g\u00e9es puisque seuls sont conserv\u00e9s les codes d&#8217;accord de paiement \u00e9mis par les banques. Terra Vinea garantit que les moyens et prestations de cryptologie utilis\u00e9s pour s\u00e9curiser les transactions ont fait l&#8217;objet d&#8217;une autorisation ou d&#8217;une d\u00e9claration en application de la l\u00e9gislation en vigueur.<br \/>\nAfin de lutter contre la fraude, Terra Vinea se r\u00e9serve le droit d\u2019utiliser les donn\u00e9es personnelles du client pour le contacter et lui demander la communication de sa pi\u00e8ce d\u2019identit\u00e9.<\/p>\n<p>La norme PCI DSS est une norme \u00e9crite conjointement par les r\u00e9seaux Visa et MasterCard. Elle regroupe des recommandations pour garantir la s\u00e9curit\u00e9 d\u2019informations confidentielles d\u00e9tenues par des soci\u00e9t\u00e9s, telles que des num\u00e9ros de cartes bancaires.<\/p>\n<ul>\n<li>Le num\u00e9ro de la carte bancaire est saisi sur une page s\u00e9curis\u00e9e h\u00e9berg\u00e9e par la banque, il n\u2019est donc pas connu du commer\u00e7ant.<\/li>\n<li>Les informations sont crypt\u00e9es (technologie TLS).<\/li>\n<li>Le num\u00e9ro de carte n\u2019est jamais imprim\u00e9 enti\u00e8rement sur les facturettes de paiement.<\/li>\n<\/ul>\n<\/div>\n<\/div>\n<\/section>\n<section>\n<div class=\"row row-inner\">\n<div class=\"col-md-12\">\n<h2>Article 9 \u2013 Propri\u00e9t\u00e9 intellectuelle<\/h2>\n<p>Tous les textes, commentaires, ouvrages, illustrations, images et photographies, marques et bases de donn\u00e9es reproduits et int\u00e9gr\u00e9s sur le site www.terra-vinea.com sont prot\u00e9g\u00e9s au titre de la propri\u00e9t\u00e9 intellectuelle et du droit d\u2019auteur.<\/p>\n<p>\u00c0 ce titre et conform\u00e9ment aux dispositions du Code de la propri\u00e9t\u00e9 intellectuelle, seule l\u2019utilisation pour un usage priv\u00e9 est autoris\u00e9e. Toute reproduction totale ou partielle du site est strictement interdite.<\/p>\n<\/div>\n<\/div>\n<\/section>\n<section>\n<div class=\"row row-inner\">\n<div class=\"col-md-12\">\n<h2>Article 10 \u2013 Droit applicable en cas de litige<\/h2>\n<p style=\"text-align: left;\" align=\"center\">En cas de litige, nous vous invitons \u00e0 nous contacter pour une r\u00e9solution \u00e0 l&#8217;amiable, par lettre recommand\u00e9e avec accus\u00e9 de r\u00e9ception, \u00e0 l&#8217;adresse suivante : Terra Vinea &#8211; 15 Chemin des Platri\u00e8res &#8211; 11490 Portel-des-Corbi\u00e8res. A d\u00e9faut de r\u00e9ponse satisfaisante dans un d\u00e9lai de 60 jours, le CLIENT peut saisir le m\u00e9diateur du Tourisme et du Voyage, dont les coordonn\u00e9es et les modalit\u00e9s de saisine sont disponibles sur son site : www.mtv.travel.<\/p>\n<p style=\"text-align: left;\" align=\"center\">Tout litige en relation avec l\u2019utilisation du site www.terra-vinea.com est soumis au droit fran\u00e7ais. Il est fait attribution exclusive de juridiction aux tribunaux comp\u00e9tents de Paris.<\/p>\n<\/div>\n<\/div>\n<\/section>\n<section>\n<div class=\"row row-inner\">\n<div class=\"col-md-12\">\n<h2>Article 11 \u2013 Informations nominatives<\/h2>\n<p>Toutes les informations recueillies par le site www.terra-vinea.com aupr\u00e8s du CLIENT font l\u2019objet d\u2019un traitement informatique destin\u00e9 au traitement de la commande en ligne.<\/p>\n<p>En sus du droit d\u2019acc\u00e8s, de rectification et d\u2019opposition pr\u00e9vu \u00e0 l\u2019article 4 ci-avant vis\u00e9, et conform\u00e9ment \u00e0 la loi Informatique et Libert\u00e9s n\u00b0 78-17 du 6 janvier 1978, le CLIENT peut \u00e0 tout moment acc\u00e9der aux informations personnelles le concernant et d\u00e9tenues par Terra Vinea, demander leur modification ou leur suppression par l\u2019envoi d\u2019un message \u00e9lectronique \u00e0 resaterravinea@gmail.com ou par courrier postal \u00e0 l\u2019adresse suivante : Terra Vinea &#8211; 15 Chemin des Platri\u00e8res &#8211; 11490 Portel-des-Corbi\u00e8res.<\/p>\n<p>Ainsi, le CLIENT peut, \u00e0 titre irr\u00e9vocable, demander que soient rectifi\u00e9es, compl\u00e9t\u00e9es, clarifi\u00e9es, mises \u00e0 jour ou effac\u00e9es les informations le concernant qui sont inexactes, incompl\u00e8tes, \u00e9quivoques, p\u00e9rim\u00e9es ou dont la collecte ou l\u2019utilisation, la communication ou la conservation est interdite.<\/p>\n<\/div>\n<\/div>\n<\/section>\n<\/div><\/div><\/div><\/div><\/div>\n<span class=\"et_bloom_bottom_trigger\"><\/span>","protected":false},"excerpt":{"rendered":"","protected":false},"author":6,"featured_media":0,"parent":0,"menu_order":0,"comment_status":"closed","ping_status":"closed","template":"","meta":{"_acf_changed":false,"inline_featured_image":false,"footnotes":""},"class_list":["post-1879","page","type-page","status-publish","hentry"],"acf":[],"yoast_head":"<!-- This site is optimized with the Yoast SEO plugin v26.8 - https:\/\/yoast.com\/product\/yoast-seo-wordpress\/ -->\n<title>Condiciones de Venta - Terra Vinea<\/title>\n<meta name=\"robots\" content=\"index, follow, max-snippet:-1, max-image-preview:large, max-video-preview:-1\" \/>\n<link rel=\"canonical\" href=\"https:\/\/www.terra-vinea.com\/es\/condiciones-de-venta\/\" \/>\n<meta property=\"og:locale\" content=\"es_ES\" \/>\n<meta property=\"og:type\" content=\"article\" \/>\n<meta property=\"og:title\" content=\"Condiciones de Venta - Terra Vinea\" \/>\n<meta property=\"og:url\" content=\"https:\/\/www.terra-vinea.com\/es\/condiciones-de-venta\/\" \/>\n<meta property=\"og:site_name\" content=\"Terra Vinea\" \/>\n<meta property=\"article:modified_time\" content=\"2025-04-15T09:13:03+00:00\" \/>\n<meta name=\"twitter:card\" content=\"summary_large_image\" \/>\n<meta name=\"twitter:label1\" content=\"Tiempo de lectura\" \/>\n\t<meta name=\"twitter:data1\" content=\"13 minutos\" \/>\n<script type=\"application\/ld+json\" class=\"yoast-schema-graph\">{\"@context\":\"https:\/\/schema.org\",\"@graph\":[{\"@type\":\"WebPage\",\"@id\":\"https:\/\/www.terra-vinea.com\/es\/condiciones-de-venta\/\",\"url\":\"https:\/\/www.terra-vinea.com\/es\/condiciones-de-venta\/\",\"name\":\"Condiciones de Venta - Terra Vinea\",\"isPartOf\":{\"@id\":\"https:\/\/www.terra-vinea.com\/es\/#website\"},\"datePublished\":\"2020-04-24T13:30:12+00:00\",\"dateModified\":\"2025-04-15T09:13:03+00:00\",\"breadcrumb\":{\"@id\":\"https:\/\/www.terra-vinea.com\/es\/condiciones-de-venta\/#breadcrumb\"},\"inLanguage\":\"es\",\"potentialAction\":[{\"@type\":\"ReadAction\",\"target\":[\"https:\/\/www.terra-vinea.com\/es\/condiciones-de-venta\/\"]}]},{\"@type\":\"BreadcrumbList\",\"@id\":\"https:\/\/www.terra-vinea.com\/es\/condiciones-de-venta\/#breadcrumb\",\"itemListElement\":[{\"@type\":\"ListItem\",\"position\":1,\"name\":\"Accueil\",\"item\":\"https:\/\/www.terra-vinea.com\/es\/\"},{\"@type\":\"ListItem\",\"position\":2,\"name\":\"Condiciones de Venta\"}]},{\"@type\":\"WebSite\",\"@id\":\"https:\/\/www.terra-vinea.com\/es\/#website\",\"url\":\"https:\/\/www.terra-vinea.com\/es\/\",\"name\":\"Terra Vinea\",\"description\":\"Entrez dans l&#039;Histoire\",\"potentialAction\":[{\"@type\":\"SearchAction\",\"target\":{\"@type\":\"EntryPoint\",\"urlTemplate\":\"https:\/\/www.terra-vinea.com\/es\/?s={search_term_string}\"},\"query-input\":{\"@type\":\"PropertyValueSpecification\",\"valueRequired\":true,\"valueName\":\"search_term_string\"}}],\"inLanguage\":\"es\"}]}<\/script>\n<!-- \/ Yoast SEO plugin. -->","yoast_head_json":{"title":"Condiciones de Venta - Terra Vinea","robots":{"index":"index","follow":"follow","max-snippet":"max-snippet:-1","max-image-preview":"max-image-preview:large","max-video-preview":"max-video-preview:-1"},"canonical":"https:\/\/www.terra-vinea.com\/es\/condiciones-de-venta\/","og_locale":"es_ES","og_type":"article","og_title":"Condiciones de Venta - Terra Vinea","og_url":"https:\/\/www.terra-vinea.com\/es\/condiciones-de-venta\/","og_site_name":"Terra Vinea","article_modified_time":"2025-04-15T09:13:03+00:00","twitter_card":"summary_large_image","twitter_misc":{"Tiempo de lectura":"13 minutos"},"schema":{"@context":"https:\/\/schema.org","@graph":[{"@type":"WebPage","@id":"https:\/\/www.terra-vinea.com\/es\/condiciones-de-venta\/","url":"https:\/\/www.terra-vinea.com\/es\/condiciones-de-venta\/","name":"Condiciones de Venta - Terra Vinea","isPartOf":{"@id":"https:\/\/www.terra-vinea.com\/es\/#website"},"datePublished":"2020-04-24T13:30:12+00:00","dateModified":"2025-04-15T09:13:03+00:00","breadcrumb":{"@id":"https:\/\/www.terra-vinea.com\/es\/condiciones-de-venta\/#breadcrumb"},"inLanguage":"es","potentialAction":[{"@type":"ReadAction","target":["https:\/\/www.terra-vinea.com\/es\/condiciones-de-venta\/"]}]},{"@type":"BreadcrumbList","@id":"https:\/\/www.terra-vinea.com\/es\/condiciones-de-venta\/#breadcrumb","itemListElement":[{"@type":"ListItem","position":1,"name":"Accueil","item":"https:\/\/www.terra-vinea.com\/es\/"},{"@type":"ListItem","position":2,"name":"Condiciones de Venta"}]},{"@type":"WebSite","@id":"https:\/\/www.terra-vinea.com\/es\/#website","url":"https:\/\/www.terra-vinea.com\/es\/","name":"Terra Vinea","description":"Entrez dans l&#039;Histoire","potentialAction":[{"@type":"SearchAction","target":{"@type":"EntryPoint","urlTemplate":"https:\/\/www.terra-vinea.com\/es\/?s={search_term_string}"},"query-input":{"@type":"PropertyValueSpecification","valueRequired":true,"valueName":"search_term_string"}}],"inLanguage":"es"}]}},"_links":{"self":[{"href":"https:\/\/www.terra-vinea.com\/es\/wp-json\/wp\/v2\/pages\/1879","targetHints":{"allow":["GET"]}}],"collection":[{"href":"https:\/\/www.terra-vinea.com\/es\/wp-json\/wp\/v2\/pages"}],"about":[{"href":"https:\/\/www.terra-vinea.com\/es\/wp-json\/wp\/v2\/types\/page"}],"author":[{"embeddable":true,"href":"https:\/\/www.terra-vinea.com\/es\/wp-json\/wp\/v2\/users\/6"}],"replies":[{"embeddable":true,"href":"https:\/\/www.terra-vinea.com\/es\/wp-json\/wp\/v2\/comments?post=1879"}],"version-history":[{"count":6,"href":"https:\/\/www.terra-vinea.com\/es\/wp-json\/wp\/v2\/pages\/1879\/revisions"}],"predecessor-version":[{"id":8515,"href":"https:\/\/www.terra-vinea.com\/es\/wp-json\/wp\/v2\/pages\/1879\/revisions\/8515"}],"wp:attachment":[{"href":"https:\/\/www.terra-vinea.com\/es\/wp-json\/wp\/v2\/media?parent=1879"}],"curies":[{"name":"wp","href":"https:\/\/api.w.org\/{rel}","templated":true}]}}