{"id":1869,"date":"2020-03-05T15:04:57","date_gmt":"2020-03-05T14:04:57","guid":{"rendered":"https:\/\/www.terra-vinea.com\/tarifs-billetterie\/"},"modified":"2025-12-31T18:09:22","modified_gmt":"2025-12-31T17:09:22","slug":"tarifas-taquilla","status":"publish","type":"page","link":"https:\/\/www.terra-vinea.com\/es\/tarifas-taquilla\/","title":{"rendered":"Tarifas \/ Taquilla"},"content":{"rendered":"<p><div class=\"fusion-fullwidth fullwidth-box fusion-builder-row-1 nonhundred-percent-fullwidth non-hundred-percent-height-scrolling\" style=\"--awb-border-radius-top-left:0px;--awb-border-radius-top-right:0px;--awb-border-radius-bottom-right:0px;--awb-border-radius-bottom-left:0px;--awb-flex-wrap:wrap;\" ><div class=\"fusion-builder-row fusion-row\"><div class=\"fusion-layout-column fusion_builder_column fusion-builder-column-0 fusion_builder_column_1_2 1_2 fusion-one-half fusion-column-first\" style=\"--awb-bg-size:cover;width:50%;width:calc(50% - ( ( 4% ) * 0.5 ) );margin-right: 4%;\"><div class=\"fusion-column-wrapper fusion-column-has-shadow fusion-flex-column-wrapper-legacy\"><div class=\"fusion-text fusion-text-1\"><div class=\"fusion-text fusion-text-3\">\n<ul>\n<li>Adultos : <strong>16.90\u20ac<\/strong><\/li>\n<li>Ni\u00f1os (13-17 a\u00f1os) : <strong>15.30\u20ac<\/strong><\/li>\n<li>Ni\u00f1os (5-12 a\u00f1os) : <strong>10.30\u20ac<\/strong><\/li>\n<li>Ni\u00f1os (&lt; 5 a\u00f1os) : <strong>Gratis<\/strong><\/li>\n<li>Tarifa preferencial adultos : <strong>15.30\u20ac<\/strong><br \/>\n<em><span style=\"font-size: x-small;\">(mayores de 65 a\u00f1os, estudiantes menores de 25, personas en b\u00fasqueda de empleo, personas con discapacidad, <a href=\"https:\/\/www.terra-vinea.com\/es\/coupons-de-reduction-et-partenariats\/\" target=\"_blank\" rel=\"noopener noreferrer\">cup\u00f3n de descuento<\/a>)<\/span>*<\/em><\/li>\n<li>Tarifa preferencial ni\u00f1os (13-17 a\u00f1os) : <strong>13.70\u20ac<\/strong><\/li>\n<li>Tarifa preferencial ni\u00f1os (5-12 a\u00f1os) : <strong>8.70\u20ac<\/strong><br \/>\n<em><span style=\"font-size: x-small;\">(<a href=\"https:\/\/www.terra-vinea.com\/es\/coupons-de-reduction-et-partenariats\/\" target=\"_blank\" rel=\"noopener noreferrer\">cup\u00f3n de descuento<\/a>)<\/span>*<\/em><\/li>\n<\/ul>\n<p>Suplemento de alquiler de audiogu\u00edas (Ingl\u00e9s, Espa\u00f1ol, Holand\u00e9s, Alem\u00e1n) : <strong>1.50\u20ac<\/strong> (excepto durante el per\u00edodo con audiogu\u00eda)<br \/>\n<em>* <span style=\"font-size: x-small;\">previa presentaci\u00f3n de una prueba v\u00e1lida.<\/span><\/em><\/p>\n<\/div>\n<\/div><div class=\"fusion-builder-row fusion-builder-row-inner fusion-row\"><div class=\"fusion-layout-column fusion_builder_column_inner fusion-builder-nested-column-0 fusion_builder_column_inner_1_1 1_1 fusion-one-full fusion-column-first fusion-column-last\" style=\"--awb-bg-size:cover;\"><div class=\"fusion-column-wrapper fusion-column-has-shadow fusion-flex-column-wrapper-legacy\"><div class=\"fusion-aligncenter\"><a class=\"fusion-button button-flat fusion-button-default-size button-default fusion-button-default button-1 fusion-button-default-span fusion-button-default-type\" target=\"_self\" href=\"https:\/\/www.terra-vinea.com\/es\/activites\/visita-de-terra-vinea\/\"><span class=\"fusion-button-text\">Descubre<\/span><\/a><\/div><div class=\"fusion-clearfix\"><\/div><\/div><\/div><\/div><div class=\"fusion-clearfix\"><\/div><\/div><\/div><div class=\"fusion-layout-column fusion_builder_column fusion-builder-column-1 fusion_builder_column_1_2 1_2 fusion-one-half fusion-column-last\" style=\"--awb-bg-size:cover;width:50%;width:calc(50% - ( ( 4% ) * 0.5 ) );\"><div class=\"fusion-column-wrapper fusion-column-has-shadow fusion-flex-column-wrapper-legacy\"><div class=\"fusion-image-carousel fusion-image-carousel-auto fusion-image-carousel-1\"><div class=\"awb-carousel awb-swiper awb-swiper-carousel\" data-autoplay=\"yes\" data-columns=\"1\" data-itemmargin=\"13\" data-itemwidth=\"180\" data-touchscroll=\"no\" data-imagesize=\"auto\" style=\"--awb-columns:1;\"><div class=\"swiper-wrapper awb-image-carousel-wrapper fusion-flex-align-items-center\"><div class=\"swiper-slide\"><div class=\"fusion-carousel-item-wrapper\"><div class=\"fusion-image-wrapper hover-type-none\"><img decoding=\"async\" width=\"1587\" height=\"1058\" src=\"https:\/\/www.terra-vinea.com\/wp-content\/uploads\/2020\/04\/TERRA-VINEA-EXPRESS-4.jpg\" class=\"attachment-full size-full\" alt=\"train visite vin terra vinea\" srcset=\"https:\/\/www.terra-vinea.com\/wp-content\/uploads\/2020\/04\/TERRA-VINEA-EXPRESS-4-200x133.jpg 200w, https:\/\/www.terra-vinea.com\/wp-content\/uploads\/2020\/04\/TERRA-VINEA-EXPRESS-4-300x200.jpg 300w, https:\/\/www.terra-vinea.com\/wp-content\/uploads\/2020\/04\/TERRA-VINEA-EXPRESS-4-400x267.jpg 400w, https:\/\/www.terra-vinea.com\/wp-content\/uploads\/2020\/04\/TERRA-VINEA-EXPRESS-4-600x400.jpg 600w, https:\/\/www.terra-vinea.com\/wp-content\/uploads\/2020\/04\/TERRA-VINEA-EXPRESS-4-768x512.jpg 768w, https:\/\/www.terra-vinea.com\/wp-content\/uploads\/2020\/04\/TERRA-VINEA-EXPRESS-4-800x533.jpg 800w, https:\/\/www.terra-vinea.com\/wp-content\/uploads\/2020\/04\/TERRA-VINEA-EXPRESS-4-875x583.jpg 875w, https:\/\/www.terra-vinea.com\/wp-content\/uploads\/2020\/04\/TERRA-VINEA-EXPRESS-4-1005x670.jpg 1005w, https:\/\/www.terra-vinea.com\/wp-content\/uploads\/2020\/04\/TERRA-VINEA-EXPRESS-4-1024x683.jpg 1024w, https:\/\/www.terra-vinea.com\/wp-content\/uploads\/2020\/04\/TERRA-VINEA-EXPRESS-4-1200x800.jpg 1200w, https:\/\/www.terra-vinea.com\/wp-content\/uploads\/2020\/04\/TERRA-VINEA-EXPRESS-4-1536x1024.jpg 1536w, https:\/\/www.terra-vinea.com\/wp-content\/uploads\/2020\/04\/TERRA-VINEA-EXPRESS-4.jpg 1587w\" sizes=\"(max-width: 1587px) 100vw, 1587px\" \/><\/div><\/div><\/div><div class=\"swiper-slide\"><div class=\"fusion-carousel-item-wrapper\"><div class=\"fusion-image-wrapper hover-type-none\"><img decoding=\"async\" width=\"2560\" height=\"1707\" src=\"https:\/\/www.terra-vinea.com\/wp-content\/uploads\/2020\/04\/FUTS.jpg\" class=\"attachment-full size-full\" alt=\"mus\u00e9e outil sud de la france\" \/><\/div><\/div><\/div><div class=\"swiper-slide\"><div class=\"fusion-carousel-item-wrapper\"><div class=\"fusion-image-wrapper hover-type-none\"><img decoding=\"async\" width=\"2560\" height=\"1707\" src=\"https:\/\/www.terra-vinea.com\/wp-content\/uploads\/2020\/04\/RUELLE-GALLO-ROMAINE.jpg\" class=\"attachment-full size-full\" alt=\"romain vin visite\" \/><\/div><\/div><\/div><div class=\"swiper-slide\"><div class=\"fusion-carousel-item-wrapper\"><div class=\"fusion-image-wrapper hover-type-none\"><img decoding=\"async\" width=\"1920\" height=\"1280\" src=\"https:\/\/www.terra-vinea.com\/wp-content\/uploads\/2021\/01\/Terra-Vinea-par-Herve-Leclair_Aspheries-22.jpg\" class=\"attachment-full size-full\" alt=\"a visiter\" srcset=\"https:\/\/www.terra-vinea.com\/wp-content\/uploads\/2021\/01\/Terra-Vinea-par-Herve-Leclair_Aspheries-22-200x133.jpg 200w, https:\/\/www.terra-vinea.com\/wp-content\/uploads\/2021\/01\/Terra-Vinea-par-Herve-Leclair_Aspheries-22-300x200.jpg 300w, https:\/\/www.terra-vinea.com\/wp-content\/uploads\/2021\/01\/Terra-Vinea-par-Herve-Leclair_Aspheries-22-400x267.jpg 400w, https:\/\/www.terra-vinea.com\/wp-content\/uploads\/2021\/01\/Terra-Vinea-par-Herve-Leclair_Aspheries-22-600x400.jpg 600w, https:\/\/www.terra-vinea.com\/wp-content\/uploads\/2021\/01\/Terra-Vinea-par-Herve-Leclair_Aspheries-22-768x512.jpg 768w, https:\/\/www.terra-vinea.com\/wp-content\/uploads\/2021\/01\/Terra-Vinea-par-Herve-Leclair_Aspheries-22-800x533.jpg 800w, https:\/\/www.terra-vinea.com\/wp-content\/uploads\/2021\/01\/Terra-Vinea-par-Herve-Leclair_Aspheries-22-875x583.jpg 875w, https:\/\/www.terra-vinea.com\/wp-content\/uploads\/2021\/01\/Terra-Vinea-par-Herve-Leclair_Aspheries-22-1005x670.jpg 1005w, https:\/\/www.terra-vinea.com\/wp-content\/uploads\/2021\/01\/Terra-Vinea-par-Herve-Leclair_Aspheries-22-1024x683.jpg 1024w, https:\/\/www.terra-vinea.com\/wp-content\/uploads\/2021\/01\/Terra-Vinea-par-Herve-Leclair_Aspheries-22-1200x800.jpg 1200w, https:\/\/www.terra-vinea.com\/wp-content\/uploads\/2021\/01\/Terra-Vinea-par-Herve-Leclair_Aspheries-22-1536x1024.jpg 1536w, https:\/\/www.terra-vinea.com\/wp-content\/uploads\/2021\/01\/Terra-Vinea-par-Herve-Leclair_Aspheries-22.jpg 1920w\" sizes=\"(max-width: 1920px) 100vw, 1920px\" \/><\/div><\/div><\/div><\/div><div class=\"awb-swiper-button awb-swiper-button-prev\"><i class=\"awb-icon-angle-left\" aria-hidden=\"true\"><\/i><\/div><div class=\"awb-swiper-button awb-swiper-button-next\"><i class=\"awb-icon-angle-right\" aria-hidden=\"true\"><\/i><\/div><\/div><\/div><div class=\"fusion-clearfix\"><\/div><\/div><\/div><div class=\"fusion-layout-column fusion_builder_column fusion-builder-column-2 fusion_builder_column_1_1 1_1 fusion-one-full fusion-column-first fusion-column-last\" style=\"--awb-bg-size:cover;\"><div class=\"fusion-column-wrapper fusion-column-has-shadow fusion-flex-column-wrapper-legacy\"><div class=\"fusion-text fusion-text-2\"><p style=\"text-align: center;\">Haga clic en la fecha que desee para ver la disponibilidad y reservar si lo desea.<\/p>\n<p style=\"text-align: center;\">La visita Terra Vinea no es accesible para usuarios de sillas de ruedas, ya que el acceso a la antigua mina implica subir escaleras (120 pelda\u00f1os). Estos pelda\u00f1os son solo cuesta abajo. El resto de la visita es en terreno llano durante aproximadamente 1 km.<\/p>\n<\/div><script type=\"text\/javascript\" src=\"\/\/gadget.open-system.fr\/widgets-libs\/rel\/noyau-1.0.min.js\"><\/script>\n<script type=\"text\/javascript\">\n( function() {\n\tvar widgetProduit = AllianceReseaux.Widget.Instance( \"Produit\", { idPanier:\"xtrGxsY\", idIntegration:1163, langue:\"fr\", ui:\"CA-OPBI-46277-20918\" } );\n\twidgetProduit.Initialise();\n})();\n<\/script>\n\n<div id=\"widget-produit-CA-OPBI-46277-20918\"><\/div>\n<div class=\"fusion-clearfix\"><\/div><\/div><\/div><\/div><\/div><div class=\"fusion-fullwidth fullwidth-box fusion-builder-row-2 fusion-flex-container nonhundred-percent-fullwidth non-hundred-percent-height-scrolling\" style=\"--awb-border-radius-top-left:0px;--awb-border-radius-top-right:0px;--awb-border-radius-bottom-right:0px;--awb-border-radius-bottom-left:0px;--awb-flex-wrap:wrap;\" ><div class=\"fusion-builder-row fusion-row fusion-flex-align-items-flex-start fusion-flex-content-wrap\" style=\"max-width:1456px;margin-left: calc(-4% \/ 2 );margin-right: calc(-4% \/ 2 );\"><div class=\"fusion-layout-column fusion_builder_column fusion-builder-column-3 fusion_builder_column_1_1 1_1 fusion-flex-column\" style=\"--awb-bg-size:cover;--awb-width-large:100%;--awb-margin-top-large:0px;--awb-spacing-right-large:1.92%;--awb-margin-bottom-large:20px;--awb-spacing-left-large:1.92%;--awb-width-medium:100%;--awb-order-medium:0;--awb-spacing-right-medium:1.92%;--awb-spacing-left-medium:1.92%;--awb-width-small:100%;--awb-order-small:0;--awb-spacing-right-small:1.92%;--awb-spacing-left-small:1.92%;\"><div class=\"fusion-column-wrapper fusion-column-has-shadow fusion-flex-justify-content-flex-start fusion-content-layout-column\"><div class=\"fusion-separator fusion-full-width-sep\" style=\"align-self: center;margin-left: auto;margin-right: auto;width:100%;\"><div class=\"fusion-separator-border sep-single sep-solid\" style=\"--awb-height:20px;--awb-amount:20px;border-color:#f3e3d0;border-top-width:2px;\"><\/div><\/div><\/div><\/div><\/div><\/div><\/p>\n<span class=\"et_bloom_bottom_trigger\"><\/span>","protected":false},"excerpt":{"rendered":"","protected":false},"author":5,"featured_media":0,"parent":0,"menu_order":0,"comment_status":"closed","ping_status":"closed","template":"","meta":{"_acf_changed":false,"inline_featured_image":false,"footnotes":""},"class_list":["post-1869","page","type-page","status-publish","hentry"],"acf":[],"yoast_head":"<!-- This site is optimized with the Yoast SEO plugin v26.8 - https:\/\/yoast.com\/product\/yoast-seo-wordpress\/ -->\n<title>Tarifas \/ Taquilla - Terra Vinea<\/title>\n<meta name=\"robots\" content=\"index, follow, max-snippet:-1, max-image-preview:large, max-video-preview:-1\" \/>\n<link rel=\"canonical\" href=\"https:\/\/www.terra-vinea.com\/es\/tarifas-taquilla\/\" \/>\n<meta property=\"og:locale\" content=\"es_ES\" \/>\n<meta property=\"og:type\" content=\"article\" \/>\n<meta property=\"og:title\" content=\"Tarifas \/ Taquilla - Terra Vinea\" \/>\n<meta property=\"og:url\" content=\"https:\/\/www.terra-vinea.com\/es\/tarifas-taquilla\/\" \/>\n<meta property=\"og:site_name\" content=\"Terra Vinea\" \/>\n<meta property=\"article:modified_time\" content=\"2025-12-31T17:09:22+00:00\" \/>\n<meta name=\"twitter:card\" content=\"summary_large_image\" \/>\n<meta name=\"twitter:label1\" content=\"Tiempo de lectura\" \/>\n\t<meta name=\"twitter:data1\" content=\"11 minutos\" \/>\n<script type=\"application\/ld+json\" class=\"yoast-schema-graph\">{\"@context\":\"https:\/\/schema.org\",\"@graph\":[{\"@type\":\"WebPage\",\"@id\":\"https:\/\/www.terra-vinea.com\/es\/tarifas-taquilla\/\",\"url\":\"https:\/\/www.terra-vinea.com\/es\/tarifas-taquilla\/\",\"name\":\"Tarifas \/ Taquilla - Terra Vinea\",\"isPartOf\":{\"@id\":\"https:\/\/www.terra-vinea.com\/es\/#website\"},\"datePublished\":\"2020-03-05T14:04:57+00:00\",\"dateModified\":\"2025-12-31T17:09:22+00:00\",\"breadcrumb\":{\"@id\":\"https:\/\/www.terra-vinea.com\/es\/tarifas-taquilla\/#breadcrumb\"},\"inLanguage\":\"es\",\"potentialAction\":[{\"@type\":\"ReadAction\",\"target\":[\"https:\/\/www.terra-vinea.com\/es\/tarifas-taquilla\/\"]}]},{\"@type\":\"BreadcrumbList\",\"@id\":\"https:\/\/www.terra-vinea.com\/es\/tarifas-taquilla\/#breadcrumb\",\"itemListElement\":[{\"@type\":\"ListItem\",\"position\":1,\"name\":\"Accueil\",\"item\":\"https:\/\/www.terra-vinea.com\/es\/\"},{\"@type\":\"ListItem\",\"position\":2,\"name\":\"Tarifas \/ Taquilla\"}]},{\"@type\":\"WebSite\",\"@id\":\"https:\/\/www.terra-vinea.com\/es\/#website\",\"url\":\"https:\/\/www.terra-vinea.com\/es\/\",\"name\":\"Terra Vinea\",\"description\":\"Entrez dans l&#039;Histoire\",\"potentialAction\":[{\"@type\":\"SearchAction\",\"target\":{\"@type\":\"EntryPoint\",\"urlTemplate\":\"https:\/\/www.terra-vinea.com\/es\/?s={search_term_string}\"},\"query-input\":{\"@type\":\"PropertyValueSpecification\",\"valueRequired\":true,\"valueName\":\"search_term_string\"}}],\"inLanguage\":\"es\"}]}<\/script>\n<!-- \/ Yoast SEO plugin. -->","yoast_head_json":{"title":"Tarifas \/ Taquilla - Terra Vinea","robots":{"index":"index","follow":"follow","max-snippet":"max-snippet:-1","max-image-preview":"max-image-preview:large","max-video-preview":"max-video-preview:-1"},"canonical":"https:\/\/www.terra-vinea.com\/es\/tarifas-taquilla\/","og_locale":"es_ES","og_type":"article","og_title":"Tarifas \/ Taquilla - Terra Vinea","og_url":"https:\/\/www.terra-vinea.com\/es\/tarifas-taquilla\/","og_site_name":"Terra Vinea","article_modified_time":"2025-12-31T17:09:22+00:00","twitter_card":"summary_large_image","twitter_misc":{"Tiempo de lectura":"11 minutos"},"schema":{"@context":"https:\/\/schema.org","@graph":[{"@type":"WebPage","@id":"https:\/\/www.terra-vinea.com\/es\/tarifas-taquilla\/","url":"https:\/\/www.terra-vinea.com\/es\/tarifas-taquilla\/","name":"Tarifas \/ Taquilla - Terra Vinea","isPartOf":{"@id":"https:\/\/www.terra-vinea.com\/es\/#website"},"datePublished":"2020-03-05T14:04:57+00:00","dateModified":"2025-12-31T17:09:22+00:00","breadcrumb":{"@id":"https:\/\/www.terra-vinea.com\/es\/tarifas-taquilla\/#breadcrumb"},"inLanguage":"es","potentialAction":[{"@type":"ReadAction","target":["https:\/\/www.terra-vinea.com\/es\/tarifas-taquilla\/"]}]},{"@type":"BreadcrumbList","@id":"https:\/\/www.terra-vinea.com\/es\/tarifas-taquilla\/#breadcrumb","itemListElement":[{"@type":"ListItem","position":1,"name":"Accueil","item":"https:\/\/www.terra-vinea.com\/es\/"},{"@type":"ListItem","position":2,"name":"Tarifas \/ Taquilla"}]},{"@type":"WebSite","@id":"https:\/\/www.terra-vinea.com\/es\/#website","url":"https:\/\/www.terra-vinea.com\/es\/","name":"Terra Vinea","description":"Entrez dans l&#039;Histoire","potentialAction":[{"@type":"SearchAction","target":{"@type":"EntryPoint","urlTemplate":"https:\/\/www.terra-vinea.com\/es\/?s={search_term_string}"},"query-input":{"@type":"PropertyValueSpecification","valueRequired":true,"valueName":"search_term_string"}}],"inLanguage":"es"}]}},"_links":{"self":[{"href":"https:\/\/www.terra-vinea.com\/es\/wp-json\/wp\/v2\/pages\/1869","targetHints":{"allow":["GET"]}}],"collection":[{"href":"https:\/\/www.terra-vinea.com\/es\/wp-json\/wp\/v2\/pages"}],"about":[{"href":"https:\/\/www.terra-vinea.com\/es\/wp-json\/wp\/v2\/types\/page"}],"author":[{"embeddable":true,"href":"https:\/\/www.terra-vinea.com\/es\/wp-json\/wp\/v2\/users\/5"}],"replies":[{"embeddable":true,"href":"https:\/\/www.terra-vinea.com\/es\/wp-json\/wp\/v2\/comments?post=1869"}],"version-history":[{"count":57,"href":"https:\/\/www.terra-vinea.com\/es\/wp-json\/wp\/v2\/pages\/1869\/revisions"}],"predecessor-version":[{"id":9348,"href":"https:\/\/www.terra-vinea.com\/es\/wp-json\/wp\/v2\/pages\/1869\/revisions\/9348"}],"wp:attachment":[{"href":"https:\/\/www.terra-vinea.com\/es\/wp-json\/wp\/v2\/media?parent=1869"}],"curies":[{"name":"wp","href":"https:\/\/api.w.org\/{rel}","templated":true}]}}