{"id":2312,"date":"2020-04-24T12:57:20","date_gmt":"2020-04-24T10:57:20","guid":{"rendered":"https:\/\/www.terra-vinea.com\/mentions-legales\/"},"modified":"2021-03-04T15:46:18","modified_gmt":"2021-03-04T14:46:18","slug":"legal","status":"publish","type":"page","link":"https:\/\/www.terra-vinea.com\/ca\/legal\/","title":{"rendered":"Legal"},"content":{"rendered":"<h2><strong>Propri\u00e9t\u00e9 du site<\/strong><\/h2>\n<p>Le site internet de Terra Vinea est la propri\u00e9t\u00e9 de SETSN.<br \/>\nLa soci\u00e9t\u00e9 SETSN SARL au capital de 63 824 euros, est immatricul\u00e9e au RCS de Carcassonne sous le num\u00e9ro 341249811. Son si\u00e8ge social est situ\u00e9 au Gouffre G\u00e9ant de Cabrespine 11160 CABRESPINE.<br \/>\nL\u2019acronyme de Soci\u00e9t\u00e9 d&#8217;Exploitation Touristique de Sites Naturels est SETSN. N\u00b0 de TVA : FR96341249811.<\/p>\n<p>Pour toute question relative au site, contactez-nous par mail \u00e0 resaterravinea@gmail.com ou par t\u00e9l\u00e9phone au 04 68 45 87 68.<\/p>\n<h2><strong>Publication du site<\/strong><\/h2>\n<p>Le site est g\u00e9r\u00e9 par SETSN.<\/p>\n<h2><strong>Cr\u00e9ateur du site<\/strong><\/h2>\n<p>Le cr\u00e9ateur du site est le studio Dare Pixel SARL, situ\u00e9 75 rue du P\u00e8re Corentin 75014 Paris.<br \/>\nSite internet : <a href=\"http:\/\/www.darepixel.com\" target=\"_blank\" rel=\"noopener noreferrer\">www.darepixel.com<\/a><\/p>\n<h2><strong>H\u00e9bergement du site<\/strong><\/h2>\n<p>L\u2019h\u00e9bergement du site est assur\u00e9 par OVH, situ\u00e9 2 rue Kellermann 59100 Roubaix.<\/p>\n<h2>Cr\u00e9dits photographiques<\/h2>\n<p>Les photos pr\u00e9sentes sur le site ont \u00e9t\u00e9 r\u00e9alis\u00e9es par :<br \/>\n<a href=\"https:\/\/www.aspheries.com\/\" target=\"_blank\" rel=\"noopener noreferrer\">Herv\u00e9 Leclair \/ Asph\u00e9ries<\/a><br \/>\n<a href=\"https:\/\/darepixel.com\/\" target=\"_blank\" rel=\"noopener noreferrer\">Dare Pixel<\/a><\/p>\n<h2>Liens hypertextes<\/h2>\n<p>Le site www.terra-vinea.com peut contenir des liens hypertextes vers d\u2019autres sites web \u00e9dit\u00e9s par des tiers. Les liens vers ces autres ressources vous font quitter le site www.terra-vinea.com. Dans la mesure o\u00f9 aucun contr\u00f4le n\u2019est effectu\u00e9 sur ces ressources externes, Terra Vinea n\u2019est en aucun cas responsable de leur contenu.<br \/>\nIl est possible de cr\u00e9er un lien vers la page de pr\u00e9sentation de ce site sans autorisation expresse de Terra Vinea. Aucune autorisation ou demande d\u2019information pr\u00e9alable ne peut \u00eatre exig\u00e9e par Terra Vinea \u00e0 l\u2019\u00e9gard d\u2019un site qui souhaite \u00e9tablir un lien vers son site. Il convient toutefois d\u2019afficher ce site dans une nouvelle fen\u00eatre du navigateur. Cependant, Terra Vinea se r\u00e9serve le droit de demander la suppression d\u2019un lien qu\u2019il estime non conforme \u00e0 l\u2019objet du site www.terra-vinea.com.<\/p>\n<span class=\"et_bloom_bottom_trigger\"><\/span>","protected":false},"excerpt":{"rendered":"<p>Propri\u00e9t\u00e9 du site Le site internet de Terra Vinea est  [&#8230;]<\/p>\n","protected":false},"author":6,"featured_media":0,"parent":0,"menu_order":0,"comment_status":"closed","ping_status":"closed","template":"","meta":{"_acf_changed":false,"inline_featured_image":false,"footnotes":""},"class_list":["post-2312","page","type-page","status-publish","hentry"],"acf":[],"yoast_head":"<!-- This site is optimized with the Yoast SEO plugin v26.8 - https:\/\/yoast.com\/product\/yoast-seo-wordpress\/ -->\n<title>Legal - Terra Vinea<\/title>\n<meta name=\"robots\" content=\"index, follow, max-snippet:-1, max-image-preview:large, max-video-preview:-1\" \/>\n<link rel=\"canonical\" href=\"https:\/\/www.terra-vinea.com\/ca\/legal\/\" \/>\n<meta property=\"og:locale\" content=\"ca_ES\" \/>\n<meta property=\"og:type\" content=\"article\" \/>\n<meta property=\"og:title\" content=\"Legal - Terra Vinea\" \/>\n<meta property=\"og:description\" content=\"Propri\u00e9t\u00e9 du site Le site internet de Terra Vinea est [...]\" \/>\n<meta property=\"og:url\" content=\"https:\/\/www.terra-vinea.com\/ca\/legal\/\" \/>\n<meta property=\"og:site_name\" content=\"Terra Vinea\" \/>\n<meta property=\"article:modified_time\" content=\"2021-03-04T14:46:18+00:00\" \/>\n<meta name=\"twitter:card\" content=\"summary_large_image\" \/>\n<meta name=\"twitter:label1\" content=\"Temps estimat de lectura\" \/>\n\t<meta name=\"twitter:data1\" content=\"2 minuts\" \/>\n<script type=\"application\/ld+json\" class=\"yoast-schema-graph\">{\"@context\":\"https:\/\/schema.org\",\"@graph\":[{\"@type\":\"WebPage\",\"@id\":\"https:\/\/www.terra-vinea.com\/ca\/legal\/\",\"url\":\"https:\/\/www.terra-vinea.com\/ca\/legal\/\",\"name\":\"Legal - Terra Vinea\",\"isPartOf\":{\"@id\":\"https:\/\/www.terra-vinea.com\/es\/#website\"},\"datePublished\":\"2020-04-24T10:57:20+00:00\",\"dateModified\":\"2021-03-04T14:46:18+00:00\",\"breadcrumb\":{\"@id\":\"https:\/\/www.terra-vinea.com\/ca\/legal\/#breadcrumb\"},\"inLanguage\":\"ca\",\"potentialAction\":[{\"@type\":\"ReadAction\",\"target\":[\"https:\/\/www.terra-vinea.com\/ca\/legal\/\"]}]},{\"@type\":\"BreadcrumbList\",\"@id\":\"https:\/\/www.terra-vinea.com\/ca\/legal\/#breadcrumb\",\"itemListElement\":[{\"@type\":\"ListItem\",\"position\":1,\"name\":\"Accueil\",\"item\":\"https:\/\/www.terra-vinea.com\/ca\/\"},{\"@type\":\"ListItem\",\"position\":2,\"name\":\"Legal\"}]},{\"@type\":\"WebSite\",\"@id\":\"https:\/\/www.terra-vinea.com\/es\/#website\",\"url\":\"https:\/\/www.terra-vinea.com\/es\/\",\"name\":\"Terra Vinea\",\"description\":\"Entrez dans l&#039;Histoire\",\"potentialAction\":[{\"@type\":\"SearchAction\",\"target\":{\"@type\":\"EntryPoint\",\"urlTemplate\":\"https:\/\/www.terra-vinea.com\/es\/?s={search_term_string}\"},\"query-input\":{\"@type\":\"PropertyValueSpecification\",\"valueRequired\":true,\"valueName\":\"search_term_string\"}}],\"inLanguage\":\"ca\"}]}<\/script>\n<!-- \/ Yoast SEO plugin. -->","yoast_head_json":{"title":"Legal - Terra Vinea","robots":{"index":"index","follow":"follow","max-snippet":"max-snippet:-1","max-image-preview":"max-image-preview:large","max-video-preview":"max-video-preview:-1"},"canonical":"https:\/\/www.terra-vinea.com\/ca\/legal\/","og_locale":"ca_ES","og_type":"article","og_title":"Legal - Terra Vinea","og_description":"Propri\u00e9t\u00e9 du site Le site internet de Terra Vinea est [...]","og_url":"https:\/\/www.terra-vinea.com\/ca\/legal\/","og_site_name":"Terra Vinea","article_modified_time":"2021-03-04T14:46:18+00:00","twitter_card":"summary_large_image","twitter_misc":{"Temps estimat de lectura":"2 minuts"},"schema":{"@context":"https:\/\/schema.org","@graph":[{"@type":"WebPage","@id":"https:\/\/www.terra-vinea.com\/ca\/legal\/","url":"https:\/\/www.terra-vinea.com\/ca\/legal\/","name":"Legal - Terra Vinea","isPartOf":{"@id":"https:\/\/www.terra-vinea.com\/es\/#website"},"datePublished":"2020-04-24T10:57:20+00:00","dateModified":"2021-03-04T14:46:18+00:00","breadcrumb":{"@id":"https:\/\/www.terra-vinea.com\/ca\/legal\/#breadcrumb"},"inLanguage":"ca","potentialAction":[{"@type":"ReadAction","target":["https:\/\/www.terra-vinea.com\/ca\/legal\/"]}]},{"@type":"BreadcrumbList","@id":"https:\/\/www.terra-vinea.com\/ca\/legal\/#breadcrumb","itemListElement":[{"@type":"ListItem","position":1,"name":"Accueil","item":"https:\/\/www.terra-vinea.com\/ca\/"},{"@type":"ListItem","position":2,"name":"Legal"}]},{"@type":"WebSite","@id":"https:\/\/www.terra-vinea.com\/es\/#website","url":"https:\/\/www.terra-vinea.com\/es\/","name":"Terra Vinea","description":"Entrez dans l&#039;Histoire","potentialAction":[{"@type":"SearchAction","target":{"@type":"EntryPoint","urlTemplate":"https:\/\/www.terra-vinea.com\/es\/?s={search_term_string}"},"query-input":{"@type":"PropertyValueSpecification","valueRequired":true,"valueName":"search_term_string"}}],"inLanguage":"ca"}]}},"_links":{"self":[{"href":"https:\/\/www.terra-vinea.com\/ca\/wp-json\/wp\/v2\/pages\/2312","targetHints":{"allow":["GET"]}}],"collection":[{"href":"https:\/\/www.terra-vinea.com\/ca\/wp-json\/wp\/v2\/pages"}],"about":[{"href":"https:\/\/www.terra-vinea.com\/ca\/wp-json\/wp\/v2\/types\/page"}],"author":[{"embeddable":true,"href":"https:\/\/www.terra-vinea.com\/ca\/wp-json\/wp\/v2\/users\/6"}],"replies":[{"embeddable":true,"href":"https:\/\/www.terra-vinea.com\/ca\/wp-json\/wp\/v2\/comments?post=2312"}],"version-history":[{"count":5,"href":"https:\/\/www.terra-vinea.com\/ca\/wp-json\/wp\/v2\/pages\/2312\/revisions"}],"predecessor-version":[{"id":4230,"href":"https:\/\/www.terra-vinea.com\/ca\/wp-json\/wp\/v2\/pages\/2312\/revisions\/4230"}],"wp:attachment":[{"href":"https:\/\/www.terra-vinea.com\/ca\/wp-json\/wp\/v2\/media?parent=2312"}],"curies":[{"name":"wp","href":"https:\/\/api.w.org\/{rel}","templated":true}]}}