{"id":2197,"date":"2020-03-05T15:05:34","date_gmt":"2020-03-05T14:05:34","guid":{"rendered":"https:\/\/www.terra-vinea.com\/services-et-boutique\/"},"modified":"2026-01-06T17:06:07","modified_gmt":"2026-01-06T16:06:07","slug":"serveis-i-botiga","status":"publish","type":"page","link":"https:\/\/www.terra-vinea.com\/ca\/serveis-i-botiga\/","title":{"rendered":"Serveis i botiga"},"content":{"rendered":"<div class=\"fusion-fullwidth fullwidth-box fusion-builder-row-1 nonhundred-percent-fullwidth non-hundred-percent-height-scrolling\" style=\"--awb-border-radius-top-left:0px;--awb-border-radius-top-right:0px;--awb-border-radius-bottom-right:0px;--awb-border-radius-bottom-left:0px;--awb-margin-bottom:50px;--awb-flex-wrap:wrap;\" ><div class=\"fusion-builder-row fusion-row\"><div class=\"fusion-layout-column fusion_builder_column fusion-builder-column-0 fusion_builder_column_1_1 1_1 fusion-one-full fusion-column-first fusion-column-last\" style=\"--awb-bg-size:cover;--awb-margin-bottom:0px;\"><div class=\"fusion-column-wrapper fusion-flex-column-wrapper-legacy\"><div class=\"fusion-text fusion-text-1\"><ul>\n<li><strong>Restaurant Le Grenache<\/strong> (obert nom\u00e9s al migdia)<\/li>\n<\/ul>\n<p>Gaudiu de la nostra oferta de restauraci\u00f3 i simplifiqueu l\u2019organitzaci\u00f3 de la visita. El nostre restaurant Le Grenache obri de l\u20191 de febrer al 30 de desembre. Per obtenir-ne m\u00e9s informaci\u00f3, visiteu la nostra <a href=\"https:\/\/www.terra-vinea.com\/ca\/activites\/restaurant-le-grenache\/\">p\u00e0gina \u201cRestaurant\u201d<\/a>.<\/p>\n<ul>\n<li><strong>Botiga<\/strong><\/li>\n<\/ul>\n<p>Feu una parada gourmet a la botiga de Terra Vinea.<br \/>\nHi trobareu una acurada selecci\u00f3 de vins i productes regionals, aix\u00ed com una zona de records.<\/p>\n<ul>\n<li><strong>Aparcament<\/strong><\/li>\n<\/ul>\n<p>L\u2019aparcament \u00e9s totalment gratu\u00eft i accessible per als visitants. Es troba davant del complex.<br \/>\nHi ha diverses places d\u2019aparcament reservades per a persones amb discapacitat a prop de l\u2019entrada.<br \/>\nHi ha disponible una estaci\u00f3 de rec\u00e0rrega per a vehicles el\u00e8ctrics.<br \/>\nTamb\u00e9 disposem de places per a autobusos.<\/p>\n<ul>\n<li><strong>Lavabos<\/strong><\/li>\n<\/ul>\n<p>Hi ha lavabos gratu\u00efts disponibles per a tots els visitants i accessibles per a persones amb mobilitat redu\u00efda. Tamb\u00e9 hi ha disponible un canviador per a nadons.<\/p>\n<\/div><div class=\"fusion-clearfix\"><\/div><\/div><\/div><\/div><\/div>\n<span class=\"et_bloom_bottom_trigger\"><\/span>","protected":false},"excerpt":{"rendered":"","protected":false},"author":5,"featured_media":0,"parent":0,"menu_order":0,"comment_status":"closed","ping_status":"closed","template":"","meta":{"_acf_changed":false,"inline_featured_image":false,"footnotes":""},"class_list":["post-2197","page","type-page","status-publish","hentry"],"acf":[],"yoast_head":"<!-- This site is optimized with the Yoast SEO plugin v26.8 - https:\/\/yoast.com\/product\/yoast-seo-wordpress\/ -->\n<title>Serveis i botiga - Terra Vinea<\/title>\n<meta name=\"robots\" content=\"index, follow, max-snippet:-1, max-image-preview:large, max-video-preview:-1\" \/>\n<link rel=\"canonical\" href=\"https:\/\/www.terra-vinea.com\/ca\/serveis-i-botiga\/\" \/>\n<meta property=\"og:locale\" content=\"ca_ES\" \/>\n<meta property=\"og:type\" content=\"article\" \/>\n<meta property=\"og:title\" content=\"Serveis i botiga - Terra Vinea\" \/>\n<meta property=\"og:url\" content=\"https:\/\/www.terra-vinea.com\/ca\/serveis-i-botiga\/\" \/>\n<meta property=\"og:site_name\" content=\"Terra Vinea\" \/>\n<meta property=\"article:modified_time\" content=\"2026-01-06T16:06:07+00:00\" \/>\n<meta name=\"twitter:card\" content=\"summary_large_image\" \/>\n<meta name=\"twitter:label1\" content=\"Temps estimat de lectura\" \/>\n\t<meta name=\"twitter:data1\" content=\"3 minuts\" \/>\n<script type=\"application\/ld+json\" class=\"yoast-schema-graph\">{\"@context\":\"https:\/\/schema.org\",\"@graph\":[{\"@type\":\"WebPage\",\"@id\":\"https:\/\/www.terra-vinea.com\/ca\/serveis-i-botiga\/\",\"url\":\"https:\/\/www.terra-vinea.com\/ca\/serveis-i-botiga\/\",\"name\":\"Serveis i botiga - Terra Vinea\",\"isPartOf\":{\"@id\":\"https:\/\/www.terra-vinea.com\/es\/#website\"},\"datePublished\":\"2020-03-05T14:05:34+00:00\",\"dateModified\":\"2026-01-06T16:06:07+00:00\",\"breadcrumb\":{\"@id\":\"https:\/\/www.terra-vinea.com\/ca\/serveis-i-botiga\/#breadcrumb\"},\"inLanguage\":\"ca\",\"potentialAction\":[{\"@type\":\"ReadAction\",\"target\":[\"https:\/\/www.terra-vinea.com\/ca\/serveis-i-botiga\/\"]}]},{\"@type\":\"BreadcrumbList\",\"@id\":\"https:\/\/www.terra-vinea.com\/ca\/serveis-i-botiga\/#breadcrumb\",\"itemListElement\":[{\"@type\":\"ListItem\",\"position\":1,\"name\":\"Accueil\",\"item\":\"https:\/\/www.terra-vinea.com\/ca\/\"},{\"@type\":\"ListItem\",\"position\":2,\"name\":\"Serveis i botiga\"}]},{\"@type\":\"WebSite\",\"@id\":\"https:\/\/www.terra-vinea.com\/es\/#website\",\"url\":\"https:\/\/www.terra-vinea.com\/es\/\",\"name\":\"Terra Vinea\",\"description\":\"Entrez dans l&#039;Histoire\",\"potentialAction\":[{\"@type\":\"SearchAction\",\"target\":{\"@type\":\"EntryPoint\",\"urlTemplate\":\"https:\/\/www.terra-vinea.com\/es\/?s={search_term_string}\"},\"query-input\":{\"@type\":\"PropertyValueSpecification\",\"valueRequired\":true,\"valueName\":\"search_term_string\"}}],\"inLanguage\":\"ca\"}]}<\/script>\n<!-- \/ Yoast SEO plugin. -->","yoast_head_json":{"title":"Serveis i botiga - Terra Vinea","robots":{"index":"index","follow":"follow","max-snippet":"max-snippet:-1","max-image-preview":"max-image-preview:large","max-video-preview":"max-video-preview:-1"},"canonical":"https:\/\/www.terra-vinea.com\/ca\/serveis-i-botiga\/","og_locale":"ca_ES","og_type":"article","og_title":"Serveis i botiga - Terra Vinea","og_url":"https:\/\/www.terra-vinea.com\/ca\/serveis-i-botiga\/","og_site_name":"Terra Vinea","article_modified_time":"2026-01-06T16:06:07+00:00","twitter_card":"summary_large_image","twitter_misc":{"Temps estimat de lectura":"3 minuts"},"schema":{"@context":"https:\/\/schema.org","@graph":[{"@type":"WebPage","@id":"https:\/\/www.terra-vinea.com\/ca\/serveis-i-botiga\/","url":"https:\/\/www.terra-vinea.com\/ca\/serveis-i-botiga\/","name":"Serveis i botiga - Terra Vinea","isPartOf":{"@id":"https:\/\/www.terra-vinea.com\/es\/#website"},"datePublished":"2020-03-05T14:05:34+00:00","dateModified":"2026-01-06T16:06:07+00:00","breadcrumb":{"@id":"https:\/\/www.terra-vinea.com\/ca\/serveis-i-botiga\/#breadcrumb"},"inLanguage":"ca","potentialAction":[{"@type":"ReadAction","target":["https:\/\/www.terra-vinea.com\/ca\/serveis-i-botiga\/"]}]},{"@type":"BreadcrumbList","@id":"https:\/\/www.terra-vinea.com\/ca\/serveis-i-botiga\/#breadcrumb","itemListElement":[{"@type":"ListItem","position":1,"name":"Accueil","item":"https:\/\/www.terra-vinea.com\/ca\/"},{"@type":"ListItem","position":2,"name":"Serveis i botiga"}]},{"@type":"WebSite","@id":"https:\/\/www.terra-vinea.com\/es\/#website","url":"https:\/\/www.terra-vinea.com\/es\/","name":"Terra Vinea","description":"Entrez dans l&#039;Histoire","potentialAction":[{"@type":"SearchAction","target":{"@type":"EntryPoint","urlTemplate":"https:\/\/www.terra-vinea.com\/es\/?s={search_term_string}"},"query-input":{"@type":"PropertyValueSpecification","valueRequired":true,"valueName":"search_term_string"}}],"inLanguage":"ca"}]}},"_links":{"self":[{"href":"https:\/\/www.terra-vinea.com\/ca\/wp-json\/wp\/v2\/pages\/2197","targetHints":{"allow":["GET"]}}],"collection":[{"href":"https:\/\/www.terra-vinea.com\/ca\/wp-json\/wp\/v2\/pages"}],"about":[{"href":"https:\/\/www.terra-vinea.com\/ca\/wp-json\/wp\/v2\/types\/page"}],"author":[{"embeddable":true,"href":"https:\/\/www.terra-vinea.com\/ca\/wp-json\/wp\/v2\/users\/5"}],"replies":[{"embeddable":true,"href":"https:\/\/www.terra-vinea.com\/ca\/wp-json\/wp\/v2\/comments?post=2197"}],"version-history":[{"count":7,"href":"https:\/\/www.terra-vinea.com\/ca\/wp-json\/wp\/v2\/pages\/2197\/revisions"}],"predecessor-version":[{"id":9399,"href":"https:\/\/www.terra-vinea.com\/ca\/wp-json\/wp\/v2\/pages\/2197\/revisions\/9399"}],"wp:attachment":[{"href":"https:\/\/www.terra-vinea.com\/ca\/wp-json\/wp\/v2\/media?parent=2197"}],"curies":[{"name":"wp","href":"https:\/\/api.w.org\/{rel}","templated":true}]}}